{"id":13639,"date":"2020-02-18T11:17:29","date_gmt":"2020-02-18T08:17:29","guid":{"rendered":"https:\/\/of.alameensoft.com\/sirket-profili\/"},"modified":"2020-02-18T11:17:29","modified_gmt":"2020-02-18T08:17:29","slug":"sirket-profili","status":"publish","type":"page","link":"https:\/\/of.alameensoft.com\/tr\/sirket-profili\/","title":{"rendered":"\u015eirket Profili"},"content":{"rendered":"<h1>\u015eirket Profili<\/h1>\n<p>1992&#8217;de kurulan alameensoft \u015eirketi, Windows Sisteminde \u00e7al\u0131\u015fmak \u00fczere Al-Ameen \u0130\u015fletme \u00c7\u00f6z\u00fcmlerini geli\u015ftirmeye ba\u015flad\u0131. \u0130lk versiyon 1994&#8217;te yay\u0131nland\u0131 ve 1995&#8217;te \u201cAl-Ameen 3.1\u201d ad\u0131yla ticari olarak da\u011f\u0131t\u0131ld\u0131. Arap pazar\u0131na ula\u015fmak i\u00e7in Windows Sisteminde ve a\u011flarda \u00e7al\u0131\u015fan ilk muhasebe sistemi idi.<br \/>\n<strong>alameensoft, <\/strong>\u00f6zel fatura ve girdi t\u00fcrlerini tan\u0131mlaman\u0131n yarar\u0131 ile raporlar geli\u015ftirmeye ve di\u011fer i\u015flemleri kolayla\u015ft\u0131rmaya ek olarak daha sonra \u00f6zel fatura ve girdi t\u00fcrlerini tan\u0131mlaman\u0131n yan\u0131 s\u0131ra raporlar ve \u00f6zellikler geli\u015ftirmenin yan\u0131 s\u0131ra, kredi notlar\u0131, \u0130ngilizce aray\u00fcz, \u00e7oklu para birimleri gibi Arap \u00fclkelerini bar\u0131nd\u0131ran \u00f6zelliklere sahip bir versiyon geli\u015ftirmeye ba\u015flad\u0131. O s\u0131rada s\u00fcr\u00fcm\u00fcn ad\u0131 <strong>Al-Ameen 97 <\/strong>idi .<br \/>\nBu versiyonun da\u011f\u0131t\u0131m\u0131 \u00f6nce L\u00fcbnan&#8217;da, ard\u0131ndan \u00dcrd\u00fcn, Suudi Arabistan, BAE, Kuveyt ve \u00e7o\u011fu Arap \u00dclkesinde ba\u015flad\u0131. Kapsaml\u0131l\u0131k ve i\u015flem h\u0131z\u0131n\u0131n yan\u0131 s\u0131ra kalite, destek, geli\u015fme h\u0131z\u0131 a\u00e7\u0131s\u0131ndan 1 numaral\u0131 Muhasebe Sistemi oldu.<br \/>\nalameensoft, Arap \u00dclkeleri&#8217;ndeki ticaret ve ticari ihtiya\u00e7lar\u0131n geli\u015fimini yakalamak i\u00e7in program\u0131n h\u0131zland\u0131r\u0131lm\u0131\u015f oranda \u00e7aba sarf etmeden geli\u015ftirilmesi \u00fczerinde durmaktad\u0131r.<\/p>\n<h2>\u015eirket \u00c7al\u0131\u015fma Alanlar\u0131<\/h2>\n<p>\u015eirket, baz\u0131 \u00f6zel \u015firketlerle yap\u0131lan s\u00f6zle\u015fmelerle \u00f6zel programlama yapmaya ek olarak Al-Ameen program\u0131n\u0131 geli\u015ftirmek i\u00e7in \u00e7al\u0131\u015fmaktad\u0131r. Ayr\u0131ca bilgisayar ve bilgisayar aksesuarlar\u0131n\u0131n sat\u0131lmas\u0131 ve pazarlanmas\u0131na ek olarak bilgisayar a\u011flar\u0131 sistemleri kurar.<\/p>\n<h2>\u015eirket Ekibi<\/h2>\n<p>alameensoft, bir dizi m\u00fchendis, muhasebeci ve idareciden olu\u015fur, ve bu ki\u015filerin faaliyetleri analiz, programlama, teknik destek ve sat\u0131\u015f sonras\u0131 hizmetleri kapsar. \u015eirket ekibi \u015funlardan olu\u015fur:<\/p>\n<ul>\n<li>Genel M\u00fcd\u00fcr.<\/li>\n<li>Sat\u0131\u015f M\u00fcd\u00fcr\u00fc.<\/li>\n<li>Programlama B\u00f6l\u00fcm\u00fc M\u00fcd\u00fcr\u00fc.<\/li>\n<li>Proje M\u00fcd\u00fcr\u00fc.<\/li>\n<li>Sistem Analiz\u00f6r\u00fc.<\/li>\n<li>20 Programc\u0131.<\/li>\n<li>4 Kalite Testi.<\/li>\n<li>11 Teknik Destek.<\/li>\n<li>3 Belge \u0130\u015flem<\/li>\n<li>5 Bak\u0131m<\/li>\n<\/ul>\n<h2>Profesyonel Uzmanlar<\/h2>\n<p>Kurulu\u015fundan bu yana, \u015firket hem \u00f6zel hem de kamu kesimlerinde (idari sistemler, finansal ve depolama sistemleri, veri bankalar\u0131, planlama, takip ve \u00fcretim sistemleri) bir dizi sistem ve entegre bilgi a\u011f\u0131 y\u00fcr\u00fctm\u00fc\u015ft\u00fcr. \u015eirket, Microsoft Windows ortam\u0131nda \u00e7al\u0131\u015fan ilk Arap\u00e7a muhasebe sistemini geli\u015ftirdi\u00a0 ve performans, tesis, analizin kapsam\u0131 ve raporlardaki g\u00fcc\u00fc ile t\u00fcm mevcut muhasebe sistemleri aras\u0131nda en g\u00fc\u00e7l\u00fc oldu\u011fu kan\u0131tland\u0131. Yerel a\u011flarda kullan\u0131lacak favori program olman\u0131n yan\u0131nda.<\/p>\n<h2>B\u00fcy\u00fck \u015eirketler \u00c7\u00f6z\u00fcmlerimizi G\u00fcveniyor<\/h2>\n<p>\u00dcr\u00fcnlerimizin g\u00fcc\u00fcn\u00fc ve uluslararas\u0131 g\u00fcvenilirli\u011fi g\u00f6z \u00f6n\u00fcnde bulundurarak, k\u0131sa bir s\u00fcre i\u00e7inde \u00fcr\u00fcnlerimizi da\u011f\u0131tt\u0131\u011f\u0131m\u0131z Arap \u00fclkelerindeki b\u00fcy\u00fck ticaret ve imalat \u015firketlerinin g\u00fcvenini kazanabiliriz. B\u00f6ylece firmam\u0131z b\u00fcy\u00fck ve k\u00fc\u00e7\u00fck \u015firketler aras\u0131nda h\u0131zl\u0131ca yay\u0131lmay\u0131 hak etmi\u015ftir.<\/p>\n<h2>Sat\u0131\u015f Sonras\u0131 Hizmetler<\/h2>\n<p>M\u00fc\u015fteri Hizmetleri \u00d6nce Gelir: M\u00fc\u015fterilerimiz gerekti\u011finde desteklenir, e\u011fitilir ve an\u0131nda destek sa\u011flan\u0131r. Ve bu da, bizi \u00f6nc\u00fcleri hizmete sokman\u0131n arkas\u0131ndaki sebeptir.<\/p>\n<h2>Geni\u015f Co\u011frafi Yay\u0131l\u0131m<\/h2>\n<p>Suudi Arabistan, Kuveyt, L\u00fcbnan, Birle\u015fik Arap Emirlikleri, M\u0131s\u0131r ve \u00dcrd\u00fcn gibi di\u011fer Arap \u00fclkelerinin yan\u0131 s\u0131ra t\u00fcm yerel b\u00f6lgelerde ilgili distrib\u00fct\u00f6rlerimiz bulunmaktad\u0131r.<\/p>\n","protected":false},"excerpt":{"rendered":"<p>\u015eirket Profili 1992&#8217;de kurulan alameensoft \u015eirketi, Windows Sisteminde \u00e7al\u0131\u015fmak \u00fczere Al-Ameen \u0130\u015fletme \u00c7\u00f6z\u00fcmlerini geli\u015ftirmeye ba\u015flad\u0131. \u0130lk versiyon 1994&#8217;te yay\u0131nland\u0131 ve 1995&#8217;te \u201cAl-Ameen 3.1\u201d ad\u0131yla ticari olarak da\u011f\u0131t\u0131ld\u0131. Arap pazar\u0131na ula\u015fmak i\u00e7in Windows Sisteminde ve a\u011flarda \u00e7al\u0131\u015fan ilk muhasebe sistemi idi. alameensoft, \u00f6zel fatura ve girdi t\u00fcrlerini tan\u0131mlaman\u0131n yarar\u0131 ile raporlar geli\u015ftirmeye ve di\u011fer i\u015flemleri kolayla\u015ft\u0131rmaya [&hellip;]<\/p>\n","protected":false},"author":1,"featured_media":0,"parent":0,"menu_order":0,"comment_status":"closed","ping_status":"closed","template":"","meta":{"advgb_blocks_editor_width":"","advgb_blocks_columns_visual_guide":"","footnotes":""},"class_list":["post-13639","page","type-page","status-publish","hentry"],"yoast_head":"<!-- This site is optimized with the Yoast SEO plugin v24.0 - https:\/\/yoast.com\/wordpress\/plugins\/seo\/ -->\n<title>\u015eirket Profili | alameensoft<\/title>\n<meta name=\"robots\" content=\"noindex, follow, max-snippet:-1, max-image-preview:large, max-video-preview:-1\" \/>\n<meta property=\"og:locale\" content=\"tr_TR\" \/>\n<meta property=\"og:type\" content=\"article\" \/>\n<meta property=\"og:title\" content=\"\u015eirket Profili | alameensoft\" \/>\n<meta property=\"og:description\" content=\"\u015eirket Profili 1992&#8217;de kurulan alameensoft \u015eirketi, Windows Sisteminde \u00e7al\u0131\u015fmak \u00fczere Al-Ameen \u0130\u015fletme \u00c7\u00f6z\u00fcmlerini geli\u015ftirmeye ba\u015flad\u0131. \u0130lk versiyon 1994&#8217;te yay\u0131nland\u0131 ve 1995&#8217;te \u201cAl-Ameen 3.1\u201d ad\u0131yla ticari olarak da\u011f\u0131t\u0131ld\u0131. Arap pazar\u0131na ula\u015fmak i\u00e7in Windows Sisteminde ve a\u011flarda \u00e7al\u0131\u015fan ilk muhasebe sistemi idi. alameensoft, \u00f6zel fatura ve girdi t\u00fcrlerini tan\u0131mlaman\u0131n yarar\u0131 ile raporlar geli\u015ftirmeye ve di\u011fer i\u015flemleri kolayla\u015ft\u0131rmaya [&hellip;]\" \/>\n<meta property=\"og:url\" content=\"https:\/\/of.alameensoft.com\/tr\/sirket-profili\/\" \/>\n<meta property=\"og:site_name\" content=\"alameensoft\" \/>\n<meta property=\"article:publisher\" content=\"https:\/\/www.facebook.com\/alameensoft\/\" \/>\n<meta name=\"twitter:card\" content=\"summary_large_image\" \/>\n<meta name=\"twitter:site\" content=\"@alameensoft\" \/>\n<meta name=\"twitter:label1\" content=\"Tahmini okuma s\u00fcresi\" \/>\n\t<meta name=\"twitter:data1\" content=\"3 dakika\" \/>\n<script type=\"application\/ld+json\" class=\"yoast-schema-graph\">{\"@context\":\"https:\/\/schema.org\",\"@graph\":[{\"@type\":\"WebPage\",\"@id\":\"https:\/\/of.alameensoft.com\/tr\/sirket-profili\/\",\"url\":\"https:\/\/of.alameensoft.com\/tr\/sirket-profili\/\",\"name\":\"\u015eirket Profili | alameensoft\",\"isPartOf\":{\"@id\":\"https:\/\/of.alameensoft.com\/tr\/#website\"},\"datePublished\":\"2020-02-18T08:17:29+00:00\",\"dateModified\":\"2020-02-18T08:17:29+00:00\",\"breadcrumb\":{\"@id\":\"https:\/\/of.alameensoft.com\/tr\/sirket-profili\/#breadcrumb\"},\"inLanguage\":\"tr\",\"potentialAction\":[{\"@type\":\"ReadAction\",\"target\":[\"https:\/\/of.alameensoft.com\/tr\/sirket-profili\/\"]}]},{\"@type\":\"BreadcrumbList\",\"@id\":\"https:\/\/of.alameensoft.com\/tr\/sirket-profili\/#breadcrumb\",\"itemListElement\":[{\"@type\":\"ListItem\",\"position\":1,\"name\":\"Home\",\"item\":\"https:\/\/of.alameensoft.com\/tr\/\"},{\"@type\":\"ListItem\",\"position\":2,\"name\":\"\u015eirket Profili\"}]},{\"@type\":\"WebSite\",\"@id\":\"https:\/\/of.alameensoft.com\/tr\/#website\",\"url\":\"https:\/\/of.alameensoft.com\/tr\/\",\"name\":\"alameensoft\",\"description\":\"It&#039;s time to change\",\"publisher\":{\"@id\":\"https:\/\/of.alameensoft.com\/tr\/#organization\"},\"potentialAction\":[{\"@type\":\"SearchAction\",\"target\":{\"@type\":\"EntryPoint\",\"urlTemplate\":\"https:\/\/of.alameensoft.com\/tr\/?s={search_term_string}\"},\"query-input\":{\"@type\":\"PropertyValueSpecification\",\"valueRequired\":true,\"valueName\":\"search_term_string\"}}],\"inLanguage\":\"tr\"},{\"@type\":\"Organization\",\"@id\":\"https:\/\/of.alameensoft.com\/tr\/#organization\",\"name\":\"alameensoft\",\"url\":\"https:\/\/of.alameensoft.com\/tr\/\",\"logo\":{\"@type\":\"ImageObject\",\"inLanguage\":\"tr\",\"@id\":\"https:\/\/of.alameensoft.com\/tr\/#\/schema\/logo\/image\/\",\"url\":\"https:\/\/of.alameensoft.com\/wp-content\/uploads\/2019\/10\/ameen-logo.jpg\",\"contentUrl\":\"https:\/\/of.alameensoft.com\/wp-content\/uploads\/2019\/10\/ameen-logo.jpg\",\"width\":960,\"height\":958,\"caption\":\"alameensoft\"},\"image\":{\"@id\":\"https:\/\/of.alameensoft.com\/tr\/#\/schema\/logo\/image\/\"},\"sameAs\":[\"https:\/\/www.facebook.com\/alameensoft\/\",\"https:\/\/x.com\/alameensoft\",\"https:\/\/www.linkedin.com\/company\/alameensoft\/\",\"https:\/\/www.youtube.com\/alameensoft\"]}]}<\/script>\n<!-- \/ Yoast SEO plugin. -->","yoast_head_json":{"title":"\u015eirket Profili | alameensoft","robots":{"index":"noindex","follow":"follow","max-snippet":"max-snippet:-1","max-image-preview":"max-image-preview:large","max-video-preview":"max-video-preview:-1"},"og_locale":"tr_TR","og_type":"article","og_title":"\u015eirket Profili | alameensoft","og_description":"\u015eirket Profili 1992&#8217;de kurulan alameensoft \u015eirketi, Windows Sisteminde \u00e7al\u0131\u015fmak \u00fczere Al-Ameen \u0130\u015fletme \u00c7\u00f6z\u00fcmlerini geli\u015ftirmeye ba\u015flad\u0131. \u0130lk versiyon 1994&#8217;te yay\u0131nland\u0131 ve 1995&#8217;te \u201cAl-Ameen 3.1\u201d ad\u0131yla ticari olarak da\u011f\u0131t\u0131ld\u0131. Arap pazar\u0131na ula\u015fmak i\u00e7in Windows Sisteminde ve a\u011flarda \u00e7al\u0131\u015fan ilk muhasebe sistemi idi. alameensoft, \u00f6zel fatura ve girdi t\u00fcrlerini tan\u0131mlaman\u0131n yarar\u0131 ile raporlar geli\u015ftirmeye ve di\u011fer i\u015flemleri kolayla\u015ft\u0131rmaya [&hellip;]","og_url":"https:\/\/of.alameensoft.com\/tr\/sirket-profili\/","og_site_name":"alameensoft","article_publisher":"https:\/\/www.facebook.com\/alameensoft\/","twitter_card":"summary_large_image","twitter_site":"@alameensoft","twitter_misc":{"Tahmini okuma s\u00fcresi":"3 dakika"},"schema":{"@context":"https:\/\/schema.org","@graph":[{"@type":"WebPage","@id":"https:\/\/of.alameensoft.com\/tr\/sirket-profili\/","url":"https:\/\/of.alameensoft.com\/tr\/sirket-profili\/","name":"\u015eirket Profili | alameensoft","isPartOf":{"@id":"https:\/\/of.alameensoft.com\/tr\/#website"},"datePublished":"2020-02-18T08:17:29+00:00","dateModified":"2020-02-18T08:17:29+00:00","breadcrumb":{"@id":"https:\/\/of.alameensoft.com\/tr\/sirket-profili\/#breadcrumb"},"inLanguage":"tr","potentialAction":[{"@type":"ReadAction","target":["https:\/\/of.alameensoft.com\/tr\/sirket-profili\/"]}]},{"@type":"BreadcrumbList","@id":"https:\/\/of.alameensoft.com\/tr\/sirket-profili\/#breadcrumb","itemListElement":[{"@type":"ListItem","position":1,"name":"Home","item":"https:\/\/of.alameensoft.com\/tr\/"},{"@type":"ListItem","position":2,"name":"\u015eirket Profili"}]},{"@type":"WebSite","@id":"https:\/\/of.alameensoft.com\/tr\/#website","url":"https:\/\/of.alameensoft.com\/tr\/","name":"alameensoft","description":"It&#039;s time to change","publisher":{"@id":"https:\/\/of.alameensoft.com\/tr\/#organization"},"potentialAction":[{"@type":"SearchAction","target":{"@type":"EntryPoint","urlTemplate":"https:\/\/of.alameensoft.com\/tr\/?s={search_term_string}"},"query-input":{"@type":"PropertyValueSpecification","valueRequired":true,"valueName":"search_term_string"}}],"inLanguage":"tr"},{"@type":"Organization","@id":"https:\/\/of.alameensoft.com\/tr\/#organization","name":"alameensoft","url":"https:\/\/of.alameensoft.com\/tr\/","logo":{"@type":"ImageObject","inLanguage":"tr","@id":"https:\/\/of.alameensoft.com\/tr\/#\/schema\/logo\/image\/","url":"https:\/\/of.alameensoft.com\/wp-content\/uploads\/2019\/10\/ameen-logo.jpg","contentUrl":"https:\/\/of.alameensoft.com\/wp-content\/uploads\/2019\/10\/ameen-logo.jpg","width":960,"height":958,"caption":"alameensoft"},"image":{"@id":"https:\/\/of.alameensoft.com\/tr\/#\/schema\/logo\/image\/"},"sameAs":["https:\/\/www.facebook.com\/alameensoft\/","https:\/\/x.com\/alameensoft","https:\/\/www.linkedin.com\/company\/alameensoft\/","https:\/\/www.youtube.com\/alameensoft"]}]}},"coauthors":[],"author_meta":{"author_link":"https:\/\/of.alameensoft.com\/tr\/author\/ali\/","display_name":"\u0639\u0644\u064a \u0633\u0639\u062f\u0627\u0644\u062f\u064a\u0646"},"relative_dates":{"created":"Posted 6 y\u0131l ago","modified":"Updated 6 y\u0131l ago"},"absolute_dates":{"created":"Posted on 2020-02-18","modified":"Updated on 2020-02-18"},"absolute_dates_time":{"created":"Posted on 2020-02-18 11:17 am","modified":"Updated on 2020-02-18 11:17 am"},"featured_img_caption":"","featured_img":false,"series_order":"","_links":{"self":[{"href":"https:\/\/of.alameensoft.com\/tr\/wp-json\/wp\/v2\/pages\/13639","targetHints":{"allow":["GET"]}}],"collection":[{"href":"https:\/\/of.alameensoft.com\/tr\/wp-json\/wp\/v2\/pages"}],"about":[{"href":"https:\/\/of.alameensoft.com\/tr\/wp-json\/wp\/v2\/types\/page"}],"author":[{"embeddable":true,"href":"https:\/\/of.alameensoft.com\/tr\/wp-json\/wp\/v2\/users\/1"}],"replies":[{"embeddable":true,"href":"https:\/\/of.alameensoft.com\/tr\/wp-json\/wp\/v2\/comments?post=13639"}],"version-history":[{"count":0,"href":"https:\/\/of.alameensoft.com\/tr\/wp-json\/wp\/v2\/pages\/13639\/revisions"}],"wp:attachment":[{"href":"https:\/\/of.alameensoft.com\/tr\/wp-json\/wp\/v2\/media?parent=13639"}],"curies":[{"name":"wp","href":"https:\/\/api.w.org\/{rel}","templated":true}]}}