{"id":13671,"date":"2020-02-18T12:07:08","date_gmt":"2020-02-18T09:07:08","guid":{"rendered":"https:\/\/of.alameensoft.com\/haklar\/"},"modified":"2020-02-18T12:07:08","modified_gmt":"2020-02-18T09:07:08","slug":"haklar","status":"publish","type":"page","link":"https:\/\/of.alameensoft.com\/tr\/haklar\/","title":{"rendered":"Haklar"},"content":{"rendered":"<p>Elbette, i\u015f se\u00e7erken avantaj ve haklar \u00f6nemli bir rol oynamaktad\u0131r. Bu nedenle, \u00e7al\u0131\u015fanlar\u0131n de\u011fi\u015fen ihtiya\u00e7lar\u0131n\u0131 yans\u0131tan t\u00fcm faydalar\u0131 sa\u011flamak istemekteyiz. \u015eirketimizi di\u011ferlerinden ay\u0131ran avantajlar \u015funlard\u0131r:<\/p>\n<ul>\n<li>\u015eirketimiz, b\u00f6lgede \u00fc\u00e7\u00fcnc\u00fc d\u00fczeyde CMMI ML3 belgesini alan ilk \u015firkettir.<\/li>\n<li>Ara\u015ft\u0131rma ve geli\u015ftirme ekibinin yard\u0131m\u0131yla tasar\u0131m, programlama, test ve y\u00f6netim programlama s\u00fcre\u00e7lerini organize etmek i\u00e7in en son y\u00f6ntem ve prosed\u00fcrleri kullanmaktad\u0131r.<\/li>\n<li>T\u00fcm b\u00f6l\u00fcmlerde benzersiz bir ekibimiz mevcuttur (programlama, test, ara\u015ft\u0131rma ve geli\u015ftirme, teknik destek, sat\u0131\u015f sonras\u0131 destek ve di\u011ferleri).<\/li>\n<li>\u015eirket, proje y\u00f6netiminde en son bilimsel y\u00f6ntemleri izler.<\/li>\n<li>Ara\u015ft\u0131rma ve geli\u015ftirme ekibi i\u00e7in zaman ay\u0131rma.<\/li>\n<li>\u00c7al\u0131\u015fanlar i\u00e7in i\u00e7 ve d\u0131\u015f e\u011fitim kurslar\u0131.<\/li>\n<li>Dahili dersler d\u00fczenleyerek \u00e7al\u0131\u015fan personel aras\u0131ndaki beceri ve deneyimleri payla\u015fma.<\/li>\n<li>Birden fazla programlama dili \u00f6\u011frenme ve bunlar\u0131 farkl\u0131 projelerde kullanma becerisi.<\/li>\n<li>\u015eirket e\u015fsiz bak\u0131\u015f a\u00e7\u0131lar\u0131 benimser ve te\u015fvik eder.<\/li>\n<li>Ayn\u0131 hedefe ula\u015fmak i\u00e7in bir ekip olarak birlikte \u00e7al\u0131\u015f\u0131yoruz.<\/li>\n<li>\u015eirket, \u00e7al\u0131\u015fma ekibinin farkl\u0131 durumlar\u0131n\u0131 dikkate alarak esnek \u00e7al\u0131\u015fma saatleri tablosunu takip ediyor.<\/li>\n<li>\u00c7al\u0131\u015fma sistemi, \u015firket bir \u00e7al\u0131\u015fan\u0131n\u0131 i\u015ften \u00e7\u0131karmad\u0131\u011f\u0131ndan istikrarl\u0131d\u0131r ve spesifiktir.<\/li>\n<li>\u015eirket, \u00e7al\u0131\u015fanlar\u0131n\u0131n di\u011fer rakip \u015firketlere k\u0131yasla en y\u00fcksek maa\u015f seviyesine sahip olmas\u0131n\u0131 sa\u011flamak i\u00e7in maa\u015flar \u00fczerinde kal\u0131c\u0131 bir \u00e7al\u0131\u015fma y\u00fcr\u00fctmektedir.<\/li>\n<li>T\u00fcm \u00fcst\u00fcn ekip \u00e7al\u0131\u015fmas\u0131 \u015firket taraf\u0131ndan tan\u0131nmakta ve \u00f6d\u00fcllendirilmektedir.<\/li>\n<li>M\u00fckemmel ve sa\u011fl\u0131kl\u0131 bir \u00e7al\u0131\u015fma ortam\u0131.<\/li>\n<li>Evlilik \u00e7ocuk sahibi olma vb. durularda \u015firket \u00e7al\u0131\u015fanlar\u0131na \u00f6d\u00fcl verir.<\/li>\n<li>\u00a0T\u00fcm \u00e7al\u0131\u015fanlar i\u00e7in sosyal ve e\u011flence aktiviteleri mevcuttur.<\/li>\n<\/ul>\n<p>&nbsp;<\/p>\n","protected":false},"excerpt":{"rendered":"<p>Elbette, i\u015f se\u00e7erken avantaj ve haklar \u00f6nemli bir rol oynamaktad\u0131r. Bu nedenle, \u00e7al\u0131\u015fanlar\u0131n de\u011fi\u015fen ihtiya\u00e7lar\u0131n\u0131 yans\u0131tan t\u00fcm faydalar\u0131 sa\u011flamak istemekteyiz. \u015eirketimizi di\u011ferlerinden ay\u0131ran avantajlar \u015funlard\u0131r: \u015eirketimiz, b\u00f6lgede \u00fc\u00e7\u00fcnc\u00fc d\u00fczeyde CMMI ML3 belgesini alan ilk \u015firkettir. Ara\u015ft\u0131rma ve geli\u015ftirme ekibinin yard\u0131m\u0131yla tasar\u0131m, programlama, test ve y\u00f6netim programlama s\u00fcre\u00e7lerini organize etmek i\u00e7in en son y\u00f6ntem ve prosed\u00fcrleri [&hellip;]<\/p>\n","protected":false},"author":1,"featured_media":0,"parent":0,"menu_order":11,"comment_status":"closed","ping_status":"closed","template":"","meta":{"advgb_blocks_editor_width":"","advgb_blocks_columns_visual_guide":"","footnotes":""},"class_list":["post-13671","page","type-page","status-publish","hentry"],"yoast_head":"<!-- This site is optimized with the Yoast SEO plugin v24.0 - https:\/\/yoast.com\/wordpress\/plugins\/seo\/ -->\n<title>Haklar | alameensoft<\/title>\n<meta name=\"robots\" content=\"noindex, follow, max-snippet:-1, max-image-preview:large, max-video-preview:-1\" \/>\n<meta property=\"og:locale\" content=\"tr_TR\" \/>\n<meta property=\"og:type\" content=\"article\" \/>\n<meta property=\"og:title\" content=\"Haklar | alameensoft\" \/>\n<meta property=\"og:description\" content=\"Elbette, i\u015f se\u00e7erken avantaj ve haklar \u00f6nemli bir rol oynamaktad\u0131r. Bu nedenle, \u00e7al\u0131\u015fanlar\u0131n de\u011fi\u015fen ihtiya\u00e7lar\u0131n\u0131 yans\u0131tan t\u00fcm faydalar\u0131 sa\u011flamak istemekteyiz. \u015eirketimizi di\u011ferlerinden ay\u0131ran avantajlar \u015funlard\u0131r: \u015eirketimiz, b\u00f6lgede \u00fc\u00e7\u00fcnc\u00fc d\u00fczeyde CMMI ML3 belgesini alan ilk \u015firkettir. Ara\u015ft\u0131rma ve geli\u015ftirme ekibinin yard\u0131m\u0131yla tasar\u0131m, programlama, test ve y\u00f6netim programlama s\u00fcre\u00e7lerini organize etmek i\u00e7in en son y\u00f6ntem ve prosed\u00fcrleri [&hellip;]\" \/>\n<meta property=\"og:url\" content=\"https:\/\/of.alameensoft.com\/tr\/haklar\/\" \/>\n<meta property=\"og:site_name\" content=\"alameensoft\" \/>\n<meta property=\"article:publisher\" content=\"https:\/\/www.facebook.com\/alameensoft\/\" \/>\n<meta name=\"twitter:card\" content=\"summary_large_image\" \/>\n<meta name=\"twitter:site\" content=\"@alameensoft\" \/>\n<meta name=\"twitter:label1\" content=\"Tahmini okuma s\u00fcresi\" \/>\n\t<meta name=\"twitter:data1\" content=\"2 dakika\" \/>\n<script type=\"application\/ld+json\" class=\"yoast-schema-graph\">{\"@context\":\"https:\/\/schema.org\",\"@graph\":[{\"@type\":\"WebPage\",\"@id\":\"https:\/\/of.alameensoft.com\/tr\/haklar\/\",\"url\":\"https:\/\/of.alameensoft.com\/tr\/haklar\/\",\"name\":\"Haklar | alameensoft\",\"isPartOf\":{\"@id\":\"https:\/\/of.alameensoft.com\/tr\/#website\"},\"datePublished\":\"2020-02-18T09:07:08+00:00\",\"dateModified\":\"2020-02-18T09:07:08+00:00\",\"breadcrumb\":{\"@id\":\"https:\/\/of.alameensoft.com\/tr\/haklar\/#breadcrumb\"},\"inLanguage\":\"tr\",\"potentialAction\":[{\"@type\":\"ReadAction\",\"target\":[\"https:\/\/of.alameensoft.com\/tr\/haklar\/\"]}]},{\"@type\":\"BreadcrumbList\",\"@id\":\"https:\/\/of.alameensoft.com\/tr\/haklar\/#breadcrumb\",\"itemListElement\":[{\"@type\":\"ListItem\",\"position\":1,\"name\":\"Home\",\"item\":\"https:\/\/of.alameensoft.com\/tr\/\"},{\"@type\":\"ListItem\",\"position\":2,\"name\":\"Haklar\"}]},{\"@type\":\"WebSite\",\"@id\":\"https:\/\/of.alameensoft.com\/tr\/#website\",\"url\":\"https:\/\/of.alameensoft.com\/tr\/\",\"name\":\"alameensoft\",\"description\":\"It&#039;s time to change\",\"publisher\":{\"@id\":\"https:\/\/of.alameensoft.com\/tr\/#organization\"},\"potentialAction\":[{\"@type\":\"SearchAction\",\"target\":{\"@type\":\"EntryPoint\",\"urlTemplate\":\"https:\/\/of.alameensoft.com\/tr\/?s={search_term_string}\"},\"query-input\":{\"@type\":\"PropertyValueSpecification\",\"valueRequired\":true,\"valueName\":\"search_term_string\"}}],\"inLanguage\":\"tr\"},{\"@type\":\"Organization\",\"@id\":\"https:\/\/of.alameensoft.com\/tr\/#organization\",\"name\":\"alameensoft\",\"url\":\"https:\/\/of.alameensoft.com\/tr\/\",\"logo\":{\"@type\":\"ImageObject\",\"inLanguage\":\"tr\",\"@id\":\"https:\/\/of.alameensoft.com\/tr\/#\/schema\/logo\/image\/\",\"url\":\"https:\/\/of.alameensoft.com\/wp-content\/uploads\/2019\/10\/ameen-logo.jpg\",\"contentUrl\":\"https:\/\/of.alameensoft.com\/wp-content\/uploads\/2019\/10\/ameen-logo.jpg\",\"width\":960,\"height\":958,\"caption\":\"alameensoft\"},\"image\":{\"@id\":\"https:\/\/of.alameensoft.com\/tr\/#\/schema\/logo\/image\/\"},\"sameAs\":[\"https:\/\/www.facebook.com\/alameensoft\/\",\"https:\/\/x.com\/alameensoft\",\"https:\/\/www.linkedin.com\/company\/alameensoft\/\",\"https:\/\/www.youtube.com\/alameensoft\"]}]}<\/script>\n<!-- \/ Yoast SEO plugin. -->","yoast_head_json":{"title":"Haklar | alameensoft","robots":{"index":"noindex","follow":"follow","max-snippet":"max-snippet:-1","max-image-preview":"max-image-preview:large","max-video-preview":"max-video-preview:-1"},"og_locale":"tr_TR","og_type":"article","og_title":"Haklar | alameensoft","og_description":"Elbette, i\u015f se\u00e7erken avantaj ve haklar \u00f6nemli bir rol oynamaktad\u0131r. Bu nedenle, \u00e7al\u0131\u015fanlar\u0131n de\u011fi\u015fen ihtiya\u00e7lar\u0131n\u0131 yans\u0131tan t\u00fcm faydalar\u0131 sa\u011flamak istemekteyiz. \u015eirketimizi di\u011ferlerinden ay\u0131ran avantajlar \u015funlard\u0131r: \u015eirketimiz, b\u00f6lgede \u00fc\u00e7\u00fcnc\u00fc d\u00fczeyde CMMI ML3 belgesini alan ilk \u015firkettir. Ara\u015ft\u0131rma ve geli\u015ftirme ekibinin yard\u0131m\u0131yla tasar\u0131m, programlama, test ve y\u00f6netim programlama s\u00fcre\u00e7lerini organize etmek i\u00e7in en son y\u00f6ntem ve prosed\u00fcrleri [&hellip;]","og_url":"https:\/\/of.alameensoft.com\/tr\/haklar\/","og_site_name":"alameensoft","article_publisher":"https:\/\/www.facebook.com\/alameensoft\/","twitter_card":"summary_large_image","twitter_site":"@alameensoft","twitter_misc":{"Tahmini okuma s\u00fcresi":"2 dakika"},"schema":{"@context":"https:\/\/schema.org","@graph":[{"@type":"WebPage","@id":"https:\/\/of.alameensoft.com\/tr\/haklar\/","url":"https:\/\/of.alameensoft.com\/tr\/haklar\/","name":"Haklar | alameensoft","isPartOf":{"@id":"https:\/\/of.alameensoft.com\/tr\/#website"},"datePublished":"2020-02-18T09:07:08+00:00","dateModified":"2020-02-18T09:07:08+00:00","breadcrumb":{"@id":"https:\/\/of.alameensoft.com\/tr\/haklar\/#breadcrumb"},"inLanguage":"tr","potentialAction":[{"@type":"ReadAction","target":["https:\/\/of.alameensoft.com\/tr\/haklar\/"]}]},{"@type":"BreadcrumbList","@id":"https:\/\/of.alameensoft.com\/tr\/haklar\/#breadcrumb","itemListElement":[{"@type":"ListItem","position":1,"name":"Home","item":"https:\/\/of.alameensoft.com\/tr\/"},{"@type":"ListItem","position":2,"name":"Haklar"}]},{"@type":"WebSite","@id":"https:\/\/of.alameensoft.com\/tr\/#website","url":"https:\/\/of.alameensoft.com\/tr\/","name":"alameensoft","description":"It&#039;s time to change","publisher":{"@id":"https:\/\/of.alameensoft.com\/tr\/#organization"},"potentialAction":[{"@type":"SearchAction","target":{"@type":"EntryPoint","urlTemplate":"https:\/\/of.alameensoft.com\/tr\/?s={search_term_string}"},"query-input":{"@type":"PropertyValueSpecification","valueRequired":true,"valueName":"search_term_string"}}],"inLanguage":"tr"},{"@type":"Organization","@id":"https:\/\/of.alameensoft.com\/tr\/#organization","name":"alameensoft","url":"https:\/\/of.alameensoft.com\/tr\/","logo":{"@type":"ImageObject","inLanguage":"tr","@id":"https:\/\/of.alameensoft.com\/tr\/#\/schema\/logo\/image\/","url":"https:\/\/of.alameensoft.com\/wp-content\/uploads\/2019\/10\/ameen-logo.jpg","contentUrl":"https:\/\/of.alameensoft.com\/wp-content\/uploads\/2019\/10\/ameen-logo.jpg","width":960,"height":958,"caption":"alameensoft"},"image":{"@id":"https:\/\/of.alameensoft.com\/tr\/#\/schema\/logo\/image\/"},"sameAs":["https:\/\/www.facebook.com\/alameensoft\/","https:\/\/x.com\/alameensoft","https:\/\/www.linkedin.com\/company\/alameensoft\/","https:\/\/www.youtube.com\/alameensoft"]}]}},"coauthors":[],"author_meta":{"author_link":"https:\/\/of.alameensoft.com\/tr\/author\/ali\/","display_name":"\u0639\u0644\u064a \u0633\u0639\u062f\u0627\u0644\u062f\u064a\u0646"},"relative_dates":{"created":"Posted 6 y\u0131l ago","modified":"Updated 6 y\u0131l ago"},"absolute_dates":{"created":"Posted on 2020-02-18","modified":"Updated on 2020-02-18"},"absolute_dates_time":{"created":"Posted on 2020-02-18 12:07 pm","modified":"Updated on 2020-02-18 12:07 pm"},"featured_img_caption":"","featured_img":false,"series_order":"","_links":{"self":[{"href":"https:\/\/of.alameensoft.com\/tr\/wp-json\/wp\/v2\/pages\/13671","targetHints":{"allow":["GET"]}}],"collection":[{"href":"https:\/\/of.alameensoft.com\/tr\/wp-json\/wp\/v2\/pages"}],"about":[{"href":"https:\/\/of.alameensoft.com\/tr\/wp-json\/wp\/v2\/types\/page"}],"author":[{"embeddable":true,"href":"https:\/\/of.alameensoft.com\/tr\/wp-json\/wp\/v2\/users\/1"}],"replies":[{"embeddable":true,"href":"https:\/\/of.alameensoft.com\/tr\/wp-json\/wp\/v2\/comments?post=13671"}],"version-history":[{"count":0,"href":"https:\/\/of.alameensoft.com\/tr\/wp-json\/wp\/v2\/pages\/13671\/revisions"}],"wp:attachment":[{"href":"https:\/\/of.alameensoft.com\/tr\/wp-json\/wp\/v2\/media?parent=13671"}],"curies":[{"name":"wp","href":"https:\/\/api.w.org\/{rel}","templated":true}]}}