{"id":13673,"date":"2020-02-18T12:20:29","date_gmt":"2020-02-18T09:20:29","guid":{"rendered":"https:\/\/of.alameensoft.com\/indirme-merkezi\/"},"modified":"2020-02-18T12:27:31","modified_gmt":"2020-02-18T09:27:31","slug":"indirme-merkezi","status":"publish","type":"page","link":"https:\/\/of.alameensoft.com\/tr\/indirme-merkezi\/","title":{"rendered":"\u0130ndirme Merkezi"},"content":{"rendered":"<p><div class=\"fusion-fullwidth fullwidth-box fusion-builder-row-1 nonhundred-percent-fullwidth non-hundred-percent-height-scrolling\" style=\"--awb-background-position:left top;--awb-border-radius-top-left:0px;--awb-border-radius-top-right:0px;--awb-border-radius-bottom-right:0px;--awb-border-radius-bottom-left:0px;--awb-padding-top:20px;--awb-padding-bottom:20px;--awb-border-sizes-top:0px;--awb-border-sizes-bottom:0px;--awb-flex-wrap:wrap;\" ><div class=\"fusion-builder-row fusion-row\"><div class=\"fusion-layout-column fusion_builder_column fusion-builder-column-0 fusion_builder_column_1_2 1_2 fusion-one-half fusion-column-first\" style=\"--awb-bg-size:cover;width:48%; margin-right: 4%;\"><div class=\"fusion-column-wrapper fusion-flex-column-wrapper-legacy\"><div class=\"fusion-widget-area awb-widget-area-element fusion-widget-area-1 fusion-content-widget-area\" style=\"--awb-title-size:22px;--awb-title-color:#00b5cb;--awb-padding:0px 0px 0px 0px;\">            <div id=\"wpdm_newdownloads-2\" class=\"widget widget_wpdm_newdownloads\" style=\"border-style: solid;border-color:transparent;border-width:0px;\">            <div class=\"heading\"><h4 class=\"widget-title\">Recent Downloads<\/h4><\/div><div class='w3eden'><div class=\"media\" style=\"margin-bottom: 30px;\">\n    <a class=\"pull-left\" href=\"https:\/\/of.alameensoft.com\/tr\/download\/4-5-0-14-key-view-4\/\">\n    <img decoding=\"async\" class=\"wpdm_icon\" alt=\"Icon\"   src=\"https:\/\/of.alameensoft.com\/wp-content\/uploads\/2020\/04\/768px-Circle-icons-tools.png\" \/>\n    <\/a>\n    <div class=\"media-body\">\n    <strong><a href='https:\/\/of.alameensoft.com\/tr\/download\/4-5-0-14-key-view-4\/'>\u0628\u0631\u0646\u0627\u0645\u062c \u062a\u062d\u062f\u064a\u062b \u062f\u0627\u0631\u0629 \u0627\u0644\u062d\u0645\u0627\u064a\u0629 \u2013 (4.5.0.14) Key View 4<\/a><\/strong><br\/>\n    <div style=\"margin-top: 10px;\">\n        <table border=\"0\">\n            <tr>\n                <td> <i style=\"margin: 2px 5px 0 5px;opacity:0.5\" class=\"fa fa-th-large\"><\/i> 12.3MB <\/td>\n                <td> <i style=\"margin: 2px 5px 0 5px;opacity:0.5\" class=\"fa fa-download\"><\/i>  <\/td>\n                <td> <i style=\"margin: 2px 5px 0 5px;opacity:0.5\" class=\"fa fa-calendar\"><\/i> 2025-03-03 <\/td>\n            <\/tr>\n        <\/table>\n    <\/div>\n    <\/div>\n<\/div><div class=\"media\" style=\"margin-bottom: 30px;\">\n    <a class=\"pull-left\" href=\"https:\/\/of.alameensoft.com\/tr\/download\/amn9-38-138-7391\/\">\n    <img decoding=\"async\" class=\"wpdm_icon\" alt=\"Icon\"   src=\"https:\/\/of.alameensoft.com\/wp-content\/uploads\/2017\/02\/AmeenBS-64.png\" \/>\n    <\/a>\n    <div class=\"media-body\">\n    <strong><a href='https:\/\/of.alameensoft.com\/tr\/download\/amn9-38-138-7391\/'>Al-Ameen \u0130\u015f \u00c7\u00f6z\u00fcmleri 9.0 - (9.38.138.7391)<\/a><\/strong><br\/>\n    <div style=\"margin-top: 10px;\">\n        <table border=\"0\">\n            <tr>\n                <td> <i style=\"margin: 2px 5px 0 5px;opacity:0.5\" class=\"fa fa-th-large\"><\/i> 0.00 KB <\/td>\n                <td> <i style=\"margin: 2px 5px 0 5px;opacity:0.5\" class=\"fa fa-download\"><\/i> 2 <\/td>\n                <td> <i style=\"margin: 2px 5px 0 5px;opacity:0.5\" class=\"fa fa-calendar\"><\/i> 2024-07-30 <\/td>\n            <\/tr>\n        <\/table>\n    <\/div>\n    <\/div>\n<\/div><div class=\"media\" style=\"margin-bottom: 30px;\">\n    <a class=\"pull-left\" href=\"https:\/\/of.alameensoft.com\/tr\/download\/amn9-38-52-6997\/\">\n    <img decoding=\"async\" class=\"wpdm_icon\" alt=\"Icon\"   src=\"https:\/\/of.alameensoft.com\/wp-content\/uploads\/2017\/02\/AmeenBS-64.png\" \/>\n    <\/a>\n    <div class=\"media-body\">\n    <strong><a href='https:\/\/of.alameensoft.com\/tr\/download\/amn9-38-52-6997\/'>Al-Ameen \u0130\u015f \u00c7\u00f6z\u00fcmleri 9.0 - (9.38.52.6997)<\/a><\/strong><br\/>\n    <div style=\"margin-top: 10px;\">\n        <table border=\"0\">\n            <tr>\n                <td> <i style=\"margin: 2px 5px 0 5px;opacity:0.5\" class=\"fa fa-th-large\"><\/i> 0.00 KB <\/td>\n                <td> <i style=\"margin: 2px 5px 0 5px;opacity:0.5\" class=\"fa fa-download\"><\/i> 3 <\/td>\n                <td> <i style=\"margin: 2px 5px 0 5px;opacity:0.5\" class=\"fa fa-calendar\"><\/i> 2024-01-13 <\/td>\n            <\/tr>\n        <\/table>\n    <\/div>\n    <\/div>\n<\/div><div class=\"media\" style=\"margin-bottom: 30px;\">\n    <a class=\"pull-left\" href=\"https:\/\/of.alameensoft.com\/tr\/download\/amn9-36-4-6675\/\">\n    <img decoding=\"async\" class=\"wpdm_icon\" alt=\"Icon\"   src=\"https:\/\/of.alameensoft.com\/wp-content\/uploads\/2017\/02\/AmeenBS-64.png\" \/>\n    <\/a>\n    <div class=\"media-body\">\n    <strong><a href='https:\/\/of.alameensoft.com\/tr\/download\/amn9-36-4-6675\/'>Al-Ameen \u0130\u015f \u00c7\u00f6z\u00fcmleri 9.0 - (9.36.4.6675)<\/a><\/strong><br\/>\n    <div style=\"margin-top: 10px;\">\n        <table border=\"0\">\n            <tr>\n                <td> <i style=\"margin: 2px 5px 0 5px;opacity:0.5\" class=\"fa fa-th-large\"><\/i> 0.00 KB <\/td>\n                <td> <i style=\"margin: 2px 5px 0 5px;opacity:0.5\" class=\"fa fa-download\"><\/i> 3 <\/td>\n                <td> <i style=\"margin: 2px 5px 0 5px;opacity:0.5\" class=\"fa fa-calendar\"><\/i> 2023-10-12 <\/td>\n            <\/tr>\n        <\/table>\n    <\/div>\n    <\/div>\n<\/div><div class=\"media\" style=\"margin-bottom: 30px;\">\n    <a class=\"pull-left\" href=\"https:\/\/of.alameensoft.com\/tr\/download\/amn9-17-957-6512\/\">\n    <img decoding=\"async\" class=\"wpdm_icon\" alt=\"Icon\"   src=\"https:\/\/of.alameensoft.com\/wp-content\/uploads\/2017\/02\/AmeenBS-64.png\" \/>\n    <\/a>\n    <div class=\"media-body\">\n    <strong><a href='https:\/\/of.alameensoft.com\/tr\/download\/amn9-17-957-6512\/'>Al-Ameen \u0130\u015f \u00c7\u00f6z\u00fcmleri 9.0 - (9.28.164.6247)<\/a><\/strong><br\/>\n    <div style=\"margin-top: 10px;\">\n        <table border=\"0\">\n            <tr>\n                <td> <i style=\"margin: 2px 5px 0 5px;opacity:0.5\" class=\"fa fa-th-large\"><\/i> 275MB <\/td>\n                <td> <i style=\"margin: 2px 5px 0 5px;opacity:0.5\" class=\"fa fa-download\"><\/i> 1 <\/td>\n                <td> <i style=\"margin: 2px 5px 0 5px;opacity:0.5\" class=\"fa fa-calendar\"><\/i> 2023-08-09 <\/td>\n            <\/tr>\n        <\/table>\n    <\/div>\n    <\/div>\n<\/div><\/div><\/div><div class=\"fusion-additional-widget-content\"><\/div><\/div><div class=\"fusion-clearfix\"><\/div><\/div><\/div><div class=\"fusion-layout-column fusion_builder_column fusion-builder-column-1 fusion_builder_column_1_2 1_2 fusion-one-half fusion-column-last\" style=\"--awb-bg-size:cover;width:48%;\"><div class=\"fusion-column-wrapper fusion-flex-column-wrapper-legacy\"><div class=\"fusion-widget-area awb-widget-area-element fusion-widget-area-2 fusion-content-widget-area\" style=\"--awb-title-size:22px;--awb-title-color:#00b5cb;--awb-padding:0px 0px 0px 0px;\">            <div id=\"wpdm_topdownloads-2\" class=\"widget widget_wpdm_topdownloads\" style=\"border-style: solid;border-color:transparent;border-width:0px;\">            <div class=\"heading\"><h4 class=\"widget-title\">Popular Downloads<\/h4><\/div><div class='w3eden'><div class=\"media\" style=\"margin-bottom: 30px;\">\n    <a class=\"pull-left\" href=\"https:\/\/of.alameensoft.com\/tr\/download\/amn9-36-4-6675\/\">\n    <img decoding=\"async\" class=\"wpdm_icon\" alt=\"Icon\"   src=\"https:\/\/of.alameensoft.com\/wp-content\/uploads\/2017\/02\/AmeenBS-64.png\" \/>\n    <\/a>\n    <div class=\"media-body\">\n    <strong><a href='https:\/\/of.alameensoft.com\/tr\/download\/amn9-36-4-6675\/'>Al-Ameen \u0130\u015f \u00c7\u00f6z\u00fcmleri 9.0 - (9.36.4.6675)<\/a><\/strong><br\/>\n    <div style=\"margin-top: 10px;\">\n        <table border=\"0\">\n            <tr>\n                <td> <i style=\"margin: 2px 5px 0 5px;opacity:0.5\" class=\"fa fa-th-large\"><\/i> 0.00 KB <\/td>\n                <td> <i style=\"margin: 2px 5px 0 5px;opacity:0.5\" class=\"fa fa-download\"><\/i> 3 <\/td>\n                <td> <i style=\"margin: 2px 5px 0 5px;opacity:0.5\" class=\"fa fa-calendar\"><\/i> 2023-10-12 <\/td>\n            <\/tr>\n        <\/table>\n    <\/div>\n    <\/div>\n<\/div><div class=\"media\" style=\"margin-bottom: 30px;\">\n    <a class=\"pull-left\" href=\"https:\/\/of.alameensoft.com\/tr\/download\/amn9-38-52-6997\/\">\n    <img decoding=\"async\" class=\"wpdm_icon\" alt=\"Icon\"   src=\"https:\/\/of.alameensoft.com\/wp-content\/uploads\/2017\/02\/AmeenBS-64.png\" \/>\n    <\/a>\n    <div class=\"media-body\">\n    <strong><a href='https:\/\/of.alameensoft.com\/tr\/download\/amn9-38-52-6997\/'>Al-Ameen \u0130\u015f \u00c7\u00f6z\u00fcmleri 9.0 - (9.38.52.6997)<\/a><\/strong><br\/>\n    <div style=\"margin-top: 10px;\">\n        <table border=\"0\">\n            <tr>\n                <td> <i style=\"margin: 2px 5px 0 5px;opacity:0.5\" class=\"fa fa-th-large\"><\/i> 0.00 KB <\/td>\n                <td> <i style=\"margin: 2px 5px 0 5px;opacity:0.5\" class=\"fa fa-download\"><\/i> 3 <\/td>\n                <td> <i style=\"margin: 2px 5px 0 5px;opacity:0.5\" class=\"fa fa-calendar\"><\/i> 2024-01-13 <\/td>\n            <\/tr>\n        <\/table>\n    <\/div>\n    <\/div>\n<\/div><div class=\"media\" style=\"margin-bottom: 30px;\">\n    <a class=\"pull-left\" href=\"https:\/\/of.alameensoft.com\/tr\/download\/amn8-17-495-905\/\">\n    <img decoding=\"async\" class=\"wpdm_icon\" alt=\"Icon\"   src=\"https:\/\/of.alameensoft.com\/wp-content\/uploads\/2017\/02\/Ameen_8-64.png\" \/>\n    <\/a>\n    <div class=\"media-body\">\n    <strong><a href='https:\/\/of.alameensoft.com\/tr\/download\/amn8-17-495-905\/'>Al-Ameen Business Solutions 8.1 (8.17.495.905)<\/a><\/strong><br\/>\n    <div style=\"margin-top: 10px;\">\n        <table border=\"0\">\n            <tr>\n                <td> <i style=\"margin: 2px 5px 0 5px;opacity:0.5\" class=\"fa fa-th-large\"><\/i> 250MB <\/td>\n                <td> <i style=\"margin: 2px 5px 0 5px;opacity:0.5\" class=\"fa fa-download\"><\/i> 61 <\/td>\n                <td> <i style=\"margin: 2px 5px 0 5px;opacity:0.5\" class=\"fa fa-calendar\"><\/i> 2020-12-30 <\/td>\n            <\/tr>\n        <\/table>\n    <\/div>\n    <\/div>\n<\/div><div class=\"media\" style=\"margin-bottom: 30px;\">\n    <a class=\"pull-left\" href=\"https:\/\/of.alameensoft.com\/tr\/download\/key-view-4-3-1-9\/\">\n    <img decoding=\"async\" class=\"wpdm_icon\" alt=\"Icon\" src=\"https:\/\/of.alameensoft.com\/wp-content\/plugins\/download-manager\/assets\/file-type-icons\/web.svg\" \/>\n    <\/a>\n    <div class=\"media-body\">\n    <strong><a href='https:\/\/of.alameensoft.com\/tr\/download\/key-view-4-3-1-9\/'>Protection Key Upgrade Program - Key View 4 (4.3.1.9)<\/a><\/strong><br\/>\n    <div style=\"margin-top: 10px;\">\n        <table border=\"0\">\n            <tr>\n                <td> <i style=\"margin: 2px 5px 0 5px;opacity:0.5\" class=\"fa fa-th-large\"><\/i> 13.8MB <\/td>\n                <td> <i style=\"margin: 2px 5px 0 5px;opacity:0.5\" class=\"fa fa-download\"><\/i> 193 <\/td>\n                <td> <i style=\"margin: 2px 5px 0 5px;opacity:0.5\" class=\"fa fa-calendar\"><\/i> 2021-04-01 <\/td>\n            <\/tr>\n        <\/table>\n    <\/div>\n    <\/div>\n<\/div><div class=\"media\" style=\"margin-bottom: 30px;\">\n    <a class=\"pull-left\" href=\"https:\/\/of.alameensoft.com\/tr\/download\/amn8-17-501-1013\/\">\n    <img decoding=\"async\" class=\"wpdm_icon\" alt=\"Icon\"   src=\"https:\/\/of.alameensoft.com\/wp-content\/uploads\/2017\/02\/Ameen_8-64.png\" \/>\n    <\/a>\n    <div class=\"media-body\">\n    <strong><a href='https:\/\/of.alameensoft.com\/tr\/download\/amn8-17-501-1013\/'>Al-Ameen Business Solutions 8.1 (8.17.501.1013)<\/a><\/strong><br\/>\n    <div style=\"margin-top: 10px;\">\n        <table border=\"0\">\n            <tr>\n                <td> <i style=\"margin: 2px 5px 0 5px;opacity:0.5\" class=\"fa fa-th-large\"><\/i> 250MB <\/td>\n                <td> <i style=\"margin: 2px 5px 0 5px;opacity:0.5\" class=\"fa fa-download\"><\/i> 99 <\/td>\n                <td> <i style=\"margin: 2px 5px 0 5px;opacity:0.5\" class=\"fa fa-calendar\"><\/i> 2021-12-27 <\/td>\n            <\/tr>\n        <\/table>\n    <\/div>\n    <\/div>\n<\/div><\/div><\/div><div class=\"fusion-additional-widget-content\"><\/div><\/div><div class=\"fusion-clearfix\"><\/div><\/div><\/div><\/div><\/div><div class=\"fusion-fullwidth fullwidth-box fusion-builder-row-2 nonhundred-percent-fullwidth non-hundred-percent-height-scrolling\" style=\"--awb-border-radius-top-left:0px;--awb-border-radius-top-right:0px;--awb-border-radius-bottom-right:0px;--awb-border-radius-bottom-left:0px;--awb-padding-top:20px;--awb-padding-bottom:20px;--awb-flex-wrap:wrap;\" ><div class=\"fusion-builder-row fusion-row\"><div class=\"fusion-layout-column fusion_builder_column fusion-builder-column-2 fusion_builder_column_1_1 1_1 fusion-one-full fusion-column-first fusion-column-last\" style=\"--awb-bg-size:cover;\"><div class=\"fusion-column-wrapper fusion-flex-column-wrapper-legacy\"><div class=\"fusion-title title fusion-title-1 fusion-sep-none fusion-title-text fusion-title-size-three\"><h3 class=\"fusion-title-heading title-heading-left\" style=\"margin:0;\">Kategoriye G\u00f6re Ara<\/h3><\/div><div class=\"fusion-text fusion-text-1\"><div class=\"DownloadCategories\">\n<div class=\"DG_Col1\">\n<div class=\"DG_Item\">\n<div class=\"DG_icon\"><img decoding=\"async\" src=\"\/wp-content\/uploads\/2017\/04\/video48.png\" alt=\"\" \/><\/div>\n<div class=\"DG_desc\"><strong><a href=\"https:\/\/of.alameensoft.com\/tr\/downloads\/media-tr\/\">Medya (Videolar ve Sesler)<\/a><\/strong><br \/>\nVideo-ses dosyalar\u0131n\u0131n se\u00e7imleri, yeni ba\u015flayanlara program kullan\u0131m\u0131 veya baz\u0131 \u00f6zellikleri hakk\u0131nda ek e\u011fitim sa\u011flar.<\/p>\n<\/div>\n<\/div>\n<div class=\"DG_Item\">\n<div class=\"DG_icon\"><img decoding=\"async\" src=\"\/wp-content\/uploads\/2017\/04\/driver48.png\" alt=\"\" \/><\/div>\n<div class=\"DG_desc\"><strong><a href=\"https:\/\/of.alameensoft.com\/tr\/downloads\/drivers-tr\/\">Kurulum Dosyalar\u0131<\/a><\/strong><br \/>\nG\u00fcvenlik Anahtar\u0131 ve di\u011fer programlar.<\/p>\n<\/div>\n<\/div>\n<div class=\"DG_Item\">\n<div class=\"DG_icon\"><img decoding=\"async\" src=\"\/wp-content\/uploads\/2017\/04\/help48.png\" alt=\"\" \/><\/div>\n<div class=\"DG_desc\"><strong><a href=\"https:\/\/of.alameensoft.com\/tr\/downloads\/documents-tr\/\">Dok\u00fcmanlar<\/a><\/strong><br \/>\nProgramlar i\u00e7in kullan\u0131c\u0131 rehberi.<\/p>\n<\/div>\n<\/div>\n<\/div>\n<div class=\"DG_Col2\">\n<div class=\"DG_Item\">\n<div class=\"DG_icon\"><img decoding=\"async\" src=\"\/wp-content\/uploads\/2017\/04\/article48.png\" alt=\"\" \/><\/div>\n<div class=\"DG_desc\"><strong><a href=\"https:\/\/of.alameensoft.com\/tr\/downloads\/articles-tr\/\">Makaleler<\/a><\/strong><br \/>\nKullan\u0131c\u0131lar\u0131n programla ba\u015fa \u00e7\u0131kmalar\u0131na yard\u0131mc\u0131 olan veya program \u00fczerinde \u00e7al\u0131\u015f\u0131rken kar\u015f\u0131la\u015f\u0131lan baz\u0131 programlar veya \u00f6zel durumlar hakk\u0131nda geni\u015f a\u00e7\u0131klamalar sunan makale ve belgeler.<\/div>\n<\/div>\n<div class=\"DG_Item\">\n<div class=\"DG_icon\"><img decoding=\"async\" style=\"width: 48px; height: 48px;\" src=\"\/wp-content\/uploads\/2017\/04\/utility48.png\" alt=\"\" \/><\/div>\n<div class=\"DG_desc\"><strong><a href=\"https:\/\/of.alameensoft.com\/tr\/downloads\/tools-tr\/\">Ara\u00e7lar<\/a><\/strong><br \/>\nKullan\u0131c\u0131lar\u0131n performans\u0131n\u0131 art\u0131rmak i\u00e7in \u00e7e\u015fitli yararl\u0131 programlar.<\/p>\n<\/div>\n<\/div>\n<div class=\"DG_Item\">\n<div class=\"DG_icon\"><img decoding=\"async\" style=\"width: 48px; height: 48px;\" src=\"\/wp-content\/uploads\/2017\/04\/product48.png\" alt=\"\" \/><\/div>\n<div class=\"DG_desc\"><strong><a href=\"https:\/\/of.alameensoft.com\/tr\/downloads\/programs-tr\/\">Programlar<\/a><\/strong><br \/>\nG\u00fcncellemeler ve demo s\u00fcr\u00fcmler.<\/p>\n<\/div>\n<\/div>\n<\/div>\n<\/div>\n<\/div><div class=\"fusion-clearfix\"><\/div><\/div><\/div><\/div><\/div><\/p>\n","protected":false},"excerpt":{"rendered":"","protected":false},"author":2,"featured_media":0,"parent":0,"menu_order":50,"comment_status":"closed","ping_status":"closed","template":"","meta":{"advgb_blocks_editor_width":"","advgb_blocks_columns_visual_guide":"","footnotes":""},"class_list":["post-13673","page","type-page","status-publish","hentry"],"yoast_head":"<!-- This site is optimized with the Yoast SEO plugin v24.0 - https:\/\/yoast.com\/wordpress\/plugins\/seo\/ -->\n<title>\u0130ndirme Merkezi | alameensoft<\/title>\n<meta name=\"robots\" content=\"noindex, follow, max-snippet:-1, max-image-preview:large, max-video-preview:-1\" \/>\n<meta property=\"og:locale\" content=\"tr_TR\" \/>\n<meta property=\"og:type\" content=\"article\" \/>\n<meta property=\"og:title\" content=\"\u0130ndirme Merkezi | alameensoft\" \/>\n<meta property=\"og:url\" content=\"https:\/\/of.alameensoft.com\/tr\/indirme-merkezi\/\" \/>\n<meta property=\"og:site_name\" content=\"alameensoft\" \/>\n<meta property=\"article:publisher\" content=\"https:\/\/www.facebook.com\/alameensoft\/\" \/>\n<meta property=\"article:modified_time\" content=\"2020-02-18T09:27:31+00:00\" \/>\n<meta name=\"twitter:card\" content=\"summary_large_image\" \/>\n<meta name=\"twitter:site\" content=\"@alameensoft\" \/>\n<meta name=\"twitter:label1\" content=\"Tahmini okuma s\u00fcresi\" \/>\n\t<meta name=\"twitter:data1\" content=\"2 dakika\" \/>\n<script type=\"application\/ld+json\" class=\"yoast-schema-graph\">{\"@context\":\"https:\/\/schema.org\",\"@graph\":[{\"@type\":\"WebPage\",\"@id\":\"https:\/\/of.alameensoft.com\/tr\/indirme-merkezi\/\",\"url\":\"https:\/\/of.alameensoft.com\/tr\/indirme-merkezi\/\",\"name\":\"\u0130ndirme Merkezi | alameensoft\",\"isPartOf\":{\"@id\":\"https:\/\/of.alameensoft.com\/tr\/#website\"},\"datePublished\":\"2020-02-18T09:20:29+00:00\",\"dateModified\":\"2020-02-18T09:27:31+00:00\",\"breadcrumb\":{\"@id\":\"https:\/\/of.alameensoft.com\/tr\/indirme-merkezi\/#breadcrumb\"},\"inLanguage\":\"tr\",\"potentialAction\":[{\"@type\":\"ReadAction\",\"target\":[\"https:\/\/of.alameensoft.com\/tr\/indirme-merkezi\/\"]}]},{\"@type\":\"BreadcrumbList\",\"@id\":\"https:\/\/of.alameensoft.com\/tr\/indirme-merkezi\/#breadcrumb\",\"itemListElement\":[{\"@type\":\"ListItem\",\"position\":1,\"name\":\"Home\",\"item\":\"https:\/\/of.alameensoft.com\/tr\/\"},{\"@type\":\"ListItem\",\"position\":2,\"name\":\"\u0130ndirme Merkezi\"}]},{\"@type\":\"WebSite\",\"@id\":\"https:\/\/of.alameensoft.com\/tr\/#website\",\"url\":\"https:\/\/of.alameensoft.com\/tr\/\",\"name\":\"alameensoft\",\"description\":\"It&#039;s time to change\",\"publisher\":{\"@id\":\"https:\/\/of.alameensoft.com\/tr\/#organization\"},\"potentialAction\":[{\"@type\":\"SearchAction\",\"target\":{\"@type\":\"EntryPoint\",\"urlTemplate\":\"https:\/\/of.alameensoft.com\/tr\/?s={search_term_string}\"},\"query-input\":{\"@type\":\"PropertyValueSpecification\",\"valueRequired\":true,\"valueName\":\"search_term_string\"}}],\"inLanguage\":\"tr\"},{\"@type\":\"Organization\",\"@id\":\"https:\/\/of.alameensoft.com\/tr\/#organization\",\"name\":\"alameensoft\",\"url\":\"https:\/\/of.alameensoft.com\/tr\/\",\"logo\":{\"@type\":\"ImageObject\",\"inLanguage\":\"tr\",\"@id\":\"https:\/\/of.alameensoft.com\/tr\/#\/schema\/logo\/image\/\",\"url\":\"https:\/\/of.alameensoft.com\/wp-content\/uploads\/2019\/10\/ameen-logo.jpg\",\"contentUrl\":\"https:\/\/of.alameensoft.com\/wp-content\/uploads\/2019\/10\/ameen-logo.jpg\",\"width\":960,\"height\":958,\"caption\":\"alameensoft\"},\"image\":{\"@id\":\"https:\/\/of.alameensoft.com\/tr\/#\/schema\/logo\/image\/\"},\"sameAs\":[\"https:\/\/www.facebook.com\/alameensoft\/\",\"https:\/\/x.com\/alameensoft\",\"https:\/\/www.linkedin.com\/company\/alameensoft\/\",\"https:\/\/www.youtube.com\/alameensoft\"]}]}<\/script>\n<!-- \/ Yoast SEO plugin. -->","yoast_head_json":{"title":"\u0130ndirme Merkezi | alameensoft","robots":{"index":"noindex","follow":"follow","max-snippet":"max-snippet:-1","max-image-preview":"max-image-preview:large","max-video-preview":"max-video-preview:-1"},"og_locale":"tr_TR","og_type":"article","og_title":"\u0130ndirme Merkezi | alameensoft","og_url":"https:\/\/of.alameensoft.com\/tr\/indirme-merkezi\/","og_site_name":"alameensoft","article_publisher":"https:\/\/www.facebook.com\/alameensoft\/","article_modified_time":"2020-02-18T09:27:31+00:00","twitter_card":"summary_large_image","twitter_site":"@alameensoft","twitter_misc":{"Tahmini okuma s\u00fcresi":"2 dakika"},"schema":{"@context":"https:\/\/schema.org","@graph":[{"@type":"WebPage","@id":"https:\/\/of.alameensoft.com\/tr\/indirme-merkezi\/","url":"https:\/\/of.alameensoft.com\/tr\/indirme-merkezi\/","name":"\u0130ndirme Merkezi | alameensoft","isPartOf":{"@id":"https:\/\/of.alameensoft.com\/tr\/#website"},"datePublished":"2020-02-18T09:20:29+00:00","dateModified":"2020-02-18T09:27:31+00:00","breadcrumb":{"@id":"https:\/\/of.alameensoft.com\/tr\/indirme-merkezi\/#breadcrumb"},"inLanguage":"tr","potentialAction":[{"@type":"ReadAction","target":["https:\/\/of.alameensoft.com\/tr\/indirme-merkezi\/"]}]},{"@type":"BreadcrumbList","@id":"https:\/\/of.alameensoft.com\/tr\/indirme-merkezi\/#breadcrumb","itemListElement":[{"@type":"ListItem","position":1,"name":"Home","item":"https:\/\/of.alameensoft.com\/tr\/"},{"@type":"ListItem","position":2,"name":"\u0130ndirme Merkezi"}]},{"@type":"WebSite","@id":"https:\/\/of.alameensoft.com\/tr\/#website","url":"https:\/\/of.alameensoft.com\/tr\/","name":"alameensoft","description":"It&#039;s time to change","publisher":{"@id":"https:\/\/of.alameensoft.com\/tr\/#organization"},"potentialAction":[{"@type":"SearchAction","target":{"@type":"EntryPoint","urlTemplate":"https:\/\/of.alameensoft.com\/tr\/?s={search_term_string}"},"query-input":{"@type":"PropertyValueSpecification","valueRequired":true,"valueName":"search_term_string"}}],"inLanguage":"tr"},{"@type":"Organization","@id":"https:\/\/of.alameensoft.com\/tr\/#organization","name":"alameensoft","url":"https:\/\/of.alameensoft.com\/tr\/","logo":{"@type":"ImageObject","inLanguage":"tr","@id":"https:\/\/of.alameensoft.com\/tr\/#\/schema\/logo\/image\/","url":"https:\/\/of.alameensoft.com\/wp-content\/uploads\/2019\/10\/ameen-logo.jpg","contentUrl":"https:\/\/of.alameensoft.com\/wp-content\/uploads\/2019\/10\/ameen-logo.jpg","width":960,"height":958,"caption":"alameensoft"},"image":{"@id":"https:\/\/of.alameensoft.com\/tr\/#\/schema\/logo\/image\/"},"sameAs":["https:\/\/www.facebook.com\/alameensoft\/","https:\/\/x.com\/alameensoft","https:\/\/www.linkedin.com\/company\/alameensoft\/","https:\/\/www.youtube.com\/alameensoft"]}]}},"coauthors":[],"author_meta":{"author_link":"https:\/\/of.alameensoft.com\/tr\/author\/khaleds\/","display_name":"\u062e\u0627\u0644\u062f \u0627\u0644\u0635\u0648\u0627\u0641"},"relative_dates":{"created":"Posted 6 y\u0131l ago","modified":"Updated 6 y\u0131l ago"},"absolute_dates":{"created":"Posted on 2020-02-18","modified":"Updated on 2020-02-18"},"absolute_dates_time":{"created":"Posted on 2020-02-18 12:20 pm","modified":"Updated on 2020-02-18 12:27 pm"},"featured_img_caption":"","featured_img":false,"series_order":"","_links":{"self":[{"href":"https:\/\/of.alameensoft.com\/tr\/wp-json\/wp\/v2\/pages\/13673","targetHints":{"allow":["GET"]}}],"collection":[{"href":"https:\/\/of.alameensoft.com\/tr\/wp-json\/wp\/v2\/pages"}],"about":[{"href":"https:\/\/of.alameensoft.com\/tr\/wp-json\/wp\/v2\/types\/page"}],"author":[{"embeddable":true,"href":"https:\/\/of.alameensoft.com\/tr\/wp-json\/wp\/v2\/users\/2"}],"replies":[{"embeddable":true,"href":"https:\/\/of.alameensoft.com\/tr\/wp-json\/wp\/v2\/comments?post=13673"}],"version-history":[{"count":0,"href":"https:\/\/of.alameensoft.com\/tr\/wp-json\/wp\/v2\/pages\/13673\/revisions"}],"wp:attachment":[{"href":"https:\/\/of.alameensoft.com\/tr\/wp-json\/wp\/v2\/media?parent=13673"}],"curies":[{"name":"wp","href":"https:\/\/api.w.org\/{rel}","templated":true}]}}